{"id":1632,"date":"2025-07-14T08:28:46","date_gmt":"2025-07-14T08:28:46","guid":{"rendered":"https:\/\/astonish.market\/?post_type=product&#038;p=1632"},"modified":"2025-12-31T13:04:35","modified_gmt":"2025-12-31T13:04:35","slug":"astonish-fabric-stain-spray","status":"publish","type":"product","link":"https:\/\/astonish.market\/az\/product\/astonish-fabric-stain-spray\/","title":{"rendered":"\u0627\u0633\u067e\u0631\u06cc \u0644\u06a9\u0647 \u0628\u0640\u0631 \u0627\u0644\u0628\u0633\u0647 \u0648 \u0641\u0631\u0634 \u0627\u0633\u062a\u0648\u0646\u06cc\u0634 | Astonish Fabric Stain Spray"},"content":{"rendered":"<p>\u0627\u0633\u067e\u0631\u06cc \u0644\u06a9\u0647 \u0628\u0640\u0631 \u0627\u0644\u0628\u0633\u0647 \u0648 \u0641\u0631\u0634 \u0627\u0633\u062a\u0648\u0646\u06cc\u0634 | Astonish Fabric Stain Spray<\/p>\n<ul>\n<li>Lifl\u0259rin r\u0259ngini d\u0259yi\u015fdir\u0259n v\u0259 a\u011fard\u0131c\u0131 madd\u0259l\u0259rd\u0259n azadd\u0131r<\/li>\n<li>L\u0259k\u0259l\u0259ri \u00e7\u0131xarmaq v\u0259 lifl\u0259rin d\u0259rin\u0259 t\u0259mizl\u0259nm\u0259si \u00fc\u00e7\u00fcn dondurma texnologiyas\u0131na malikdir<\/li>\n<li>Yuyulmayan par\u00e7a s\u0259thl\u0259rind\u0259 t\u0259mizlik v\u0259 t\u0259rav\u0259t hissi \u00fc\u00e7\u00fcn<\/li>\n<li>Mebel, xal\u00e7a, kilim, yataq v\u0259 avtomobil oturacaqlar\u0131n\u0131n s\u0259thl\u0259ri \u00fc\u00e7\u00fcn<\/li>\n<li>\u0641\u0648\u0645 \u0641\u0639\u0627\u0644 \u0628\u0631\u0627\u06cc \u062d\u0630\u0641 \u0633\u0631\u06cc\u0639 \u0627\u0646\u0648\u0627\u0639 \u0644\u06a9\u0647\u200c\u0647\u0627\u06cc \u0686\u0631\u0628\u06cc\u060c \u0646\u0648\u0634\u06cc\u062f\u0646\u06cc\u060c \u0644\u0648\u0627\u0632\u0645 \u0622\u0631\u0627\u06cc\u0634\u060c \u0686\u0645\u0646 \u0648 \u063a\u0630\u0627.<\/li>\n<li>\u0627\u06cc\u0645\u0646 \u0648 \u0645\u0624\u062b\u0631 \u0628\u0631\u0627\u06cc \u067e\u0627\u0631\u0686\u0647\u200c\u0647\u0627\u06cc \u0633\u0641\u06cc\u062f \u0648 \u0631\u0646\u06af\u06cc\u060c \u0645\u0646\u0627\u0633\u0628 \u0628\u0631\u0627\u06cc \u0644\u0628\u0627\u0633\u060c \u0641\u0631\u0634\u060c \u0645\u0628\u0644\u0645\u0627\u0646 \u0648 \u0633\u0627\u06cc\u0631 \u0645\u0646\u0633\u0648\u062c\u0627\u062a \u062e\u0627\u0646\u06af\u06cc.<\/li>\n<\/ul>","protected":false},"excerpt":{"rendered":"<h3 data-start=\"177\" data-end=\"245\">\u0627\u0633\u067e\u0631\u06cc \u0644\u06a9\u0647\u200c\u0628\u0631 \u0627\u0644\u0628\u0633\u0647 \u0648 \u0641\u0631\u0634 \u0627\u0633\u062a\u0648\u0646\u06cc\u0634 | Astonish Fabric Stain Spray<\/h3>\n<p data-start=\"246\" data-end=\"306\"><strong data-start=\"246\" data-end=\"306\">\u0644\u06a9\u0647\u200c\u0628\u0631 \u0642\u062f\u0631\u062a\u0645\u0646\u062f \u067e\u0627\u0631\u0686\u0647\u060c \u0641\u0631\u0634 \u0648 \u0645\u0628\u0644\u0645\u0627\u0646 \u0628\u0627 \u0646\u0641\u0648\u0630 \u0639\u0645\u06cc\u0642 \u062f\u0631 \u0627\u0644\u06cc\u0627\u0641<\/strong><\/p>\n<p data-start=\"308\" data-end=\"637\">\u0627\u0633\u067e\u0631\u06cc \u0644\u06a9\u0647\u200c\u0628\u0631 \u0627\u0644\u0628\u0633\u0647 \u0648 \u0641\u0631\u0634 <strong data-start=\"333\" data-end=\"374\">\u0627\u0633\u062a\u0648\u0646\u06cc\u0634 <\/strong>\u00a0\u06cc\u06a9 <strong data-start=\"378\" data-end=\"412\">\u0644\u06a9\u0647\u200c\u0628\u0631 \u062d\u0631\u0641\u0647\u200c\u0627\u06cc \u067e\u0627\u0631\u0686\u0647 \u0648 \u0645\u0646\u0633\u0648\u062c\u0627\u062a<\/strong> \u0627\u0633\u062a \u06a9\u0647 \u0628\u0627 \u0641\u0631\u0645\u0648\u0644\u0627\u0633\u06cc\u0648\u0646 \u067e\u06cc\u0634\u0631\u0641\u062a\u0647\u060c \u0628\u0631\u0627\u06cc <strong data-start=\"448\" data-end=\"502\">\u062d\u0630\u0641 \u0633\u0631\u06cc\u0639 \u0648 \u0645\u0624\u062b\u0631 \u0627\u0646\u0648\u0627\u0639 \u0644\u06a9\u0647\u200c\u0647\u0627\u06cc \u0633\u0631\u0633\u062e\u062a \u0627\u0632 \u0627\u0644\u06cc\u0627\u0641 \u067e\u0627\u0631\u0686\u0647<\/strong> \u0637\u0631\u0627\u062d\u06cc \u0634\u062f\u0647 \u0627\u0633\u062a. \u0627\u06cc\u0646 \u0645\u062d\u0635\u0648\u0644 \u0627\u0646\u062a\u062e\u0627\u0628\u06cc \u0627\u06cc\u062f\u0647\u200c\u0622\u0644 \u0628\u0631\u0627\u06cc \u06a9\u0633\u0627\u0646\u06cc \u0627\u0633\u062a \u06a9\u0647 \u0628\u0647 <strong data-start=\"565\" data-end=\"598\">\u062a\u0645\u06cc\u0632\u06cc \u0639\u0645\u06cc\u0642 \u0644\u0628\u0627\u0633\u060c \u0641\u0631\u0634 \u0648 \u0645\u0628\u0644\u0645\u0627\u0646<\/strong> \u0628\u062f\u0648\u0646 \u0622\u0633\u06cc\u0628 \u0628\u0647 \u0628\u0627\u0641\u062a \u067e\u0627\u0631\u0686\u0647 \u0627\u0647\u0645\u06cc\u062a \u0645\u06cc\u200c\u062f\u0647\u0646\u062f.<\/p>\n<p data-start=\"639\" data-end=\"911\"><strong data-start=\"639\" data-end=\"663\">\u0627\u0633\u067e\u0631\u06cc \u0644\u06a9\u0647\u200c\u0628\u0631 \u0627\u0633\u062a\u0648\u0646\u06cc\u0634<\/strong> \u0628\u0627 \u0628\u0647\u0631\u0647\u200c\u06af\u06cc\u0631\u06cc \u0627\u0632 <strong data-start=\"680\" data-end=\"710\">\u062a\u06a9\u0646\u0648\u0644\u0648\u0698\u06cc \u0627\u0646\u062c\u0645\u0627\u062f \u062f\u0631 \u0644\u06a9\u0647\u200c\u0628\u0631\u06cc<\/strong>\u060c \u0633\u0627\u062e\u062a\u0627\u0631 \u0644\u06a9\u0647 \u0631\u0627 \u062f\u0631\u0648\u0646 \u0627\u0644\u06cc\u0627\u0641 \u0647\u062f\u0641 \u0642\u0631\u0627\u0631 \u062f\u0627\u062f\u0647 \u0648 \u0628\u062f\u0648\u0646 \u067e\u062e\u0634 \u0634\u062f\u0646 \u0622\u0644\u0648\u062f\u06af\u06cc\u060c \u0622\u0646 \u0631\u0627 \u062a\u062c\u0632\u06cc\u0647 \u0648 \u062d\u0630\u0641 \u0645\u06cc\u200c\u06a9\u0646\u062f. \u0648\u062c\u0648\u062f <strong data-start=\"805\" data-end=\"824\">\u0641\u0648\u0645 \u0641\u0639\u0627\u0644 \u0644\u06a9\u0647\u200c\u0628\u0631<\/strong> \u0628\u0627\u0639\u062b \u0646\u0641\u0648\u0630 \u0645\u0624\u062b\u0631 \u0628\u0647 \u0639\u0645\u0642 \u0627\u0644\u06cc\u0627\u0641 \u0634\u062f\u0647 \u0648 \u0641\u0631\u0622\u06cc\u0646\u062f \u067e\u0627\u06a9\u200c\u06a9\u0646\u0646\u062f\u06af\u06cc \u0631\u0627 \u0633\u0631\u06cc\u0639\u200c\u062a\u0631 \u0648 \u062f\u0642\u06cc\u0642\u200c\u062a\u0631 \u0627\u0646\u062c\u0627\u0645 \u0645\u06cc\u200c\u062f\u0647\u062f.<\/p>\n<p data-start=\"913\" data-end=\"1229\">\u0627\u06cc\u0646 <strong data-start=\"917\" data-end=\"953\">\u0644\u06a9\u0647\u200c\u0628\u0631 \u067e\u0627\u0631\u0686\u0647 \u0628\u062f\u0648\u0646 \u0645\u0648\u0627\u062f \u0633\u0641\u06cc\u062f\u06a9\u0646\u0646\u062f\u0647<\/strong> \u0628\u0648\u062f\u0647 \u0648 \u0647\u06cc\u0686\u200c\u06af\u0648\u0646\u0647 <strong data-start=\"970\" data-end=\"1000\">\u062a\u063a\u06cc\u06cc\u0631 \u0631\u0646\u06af \u06cc\u0627 \u0622\u0633\u06cc\u0628 \u0628\u0647 \u0627\u0644\u06cc\u0627\u0641<\/strong> \u0627\u06cc\u062c\u0627\u062f \u0646\u0645\u06cc\u200c\u06a9\u0646\u062f\u061b \u0628\u0647 \u0647\u0645\u06cc\u0646 \u062f\u0644\u06cc\u0644 \u0628\u0631\u0627\u06cc \u0627\u0633\u062a\u0641\u0627\u062f\u0647 \u0631\u0648\u06cc <strong data-start=\"1046\" data-end=\"1071\">\u067e\u0627\u0631\u0686\u0647\u200c\u0647\u0627\u06cc \u0633\u0641\u06cc\u062f \u0648 \u0631\u0646\u06af\u06cc<\/strong> \u06a9\u0627\u0645\u0644\u0627\u064b \u0627\u06cc\u0645\u0646 \u0627\u0633\u062a. \u0627\u0633\u067e\u0631\u06cc \u0644\u06a9\u0647\u200c\u0628\u0631 \u0627\u0633\u062a\u0648\u0646\u06cc\u0634 \u0628\u0631\u0627\u06cc <strong data-start=\"1115\" data-end=\"1146\">\u0633\u0637\u0648\u062d \u067e\u0627\u0631\u0686\u0647\u200c\u0627\u06cc \u063a\u06cc\u0631\u0642\u0627\u0628\u0644 \u0634\u0633\u062a\u0634\u0648<\/strong> \u06af\u0632\u06cc\u0646\u0647\u200c\u0627\u06cc \u0628\u0633\u06cc\u0627\u0631 \u06a9\u0627\u0631\u0628\u0631\u062f\u06cc \u0645\u062d\u0633\u0648\u0628 \u0645\u06cc\u200c\u0634\u0648\u062f \u0648 \u062d\u0633 \u062a\u0627\u0632\u06af\u06cc \u0648 \u062a\u0645\u06cc\u0632\u06cc \u0631\u0627 \u0628\u0647 \u0645\u0646\u0633\u0648\u062c\u0627\u062a \u0628\u0627\u0632\u0645\u06cc\u200c\u06af\u0631\u062f\u0627\u0646\u062f.<\/p>\n<p data-start=\"1231\" data-end=\"1453\"><strong data-start=\"1231\" data-end=\"1267\">\u0627\u0633\u067e\u0631\u06cc \u0644\u06a9\u0647\u200c\u0628\u0631 \u0627\u0644\u0628\u0633\u0647 \u0648 \u0641\u0631\u0634 \u0627\u0633\u062a\u0648\u0646\u06cc\u0634<\/strong> \u062a\u0648\u0627\u0646\u0627\u06cc\u06cc \u062d\u0630\u0641 \u0637\u06cc\u0641 \u06af\u0633\u062a\u0631\u062f\u0647\u200c\u0627\u06cc \u0627\u0632 \u0644\u06a9\u0647\u200c\u0647\u0627 \u0627\u0632 \u062c\u0645\u0644\u0647 <strong data-start=\"1312\" data-end=\"1388\">\u0644\u06a9\u0647\u200c\u0647\u0627\u06cc \u0686\u0631\u0628\u06cc\u060c \u0646\u0648\u0634\u06cc\u062f\u0646\u06cc\u060c \u0645\u0648\u0627\u062f \u063a\u0630\u0627\u06cc\u06cc\u060c \u0644\u0648\u0627\u0632\u0645 \u0622\u0631\u0627\u06cc\u0634\u06cc\u060c \u0686\u0645\u0646 \u0648 \u0622\u0644\u0648\u062f\u06af\u06cc\u200c\u0647\u0627\u06cc \u0631\u0648\u0632\u0645\u0631\u0647<\/strong> \u0631\u0627 \u062f\u0627\u0631\u062f \u0648 \u0628\u0631\u0627\u06cc \u0645\u0635\u0627\u0631\u0641 \u062e\u0627\u0646\u06af\u06cc \u06cc\u06a9 \u0631\u0627\u0647\u06a9\u0627\u0631 \u0633\u0631\u06cc\u0639 \u0648 \u0645\u0624\u062b\u0631 \u0628\u0647 \u0634\u0645\u0627\u0631 \u0645\u06cc\u200c\u0631\u0648\u062f.<\/p>\n<h4 data-start=\"1455\" data-end=\"1500\">\u06a9\u0627\u0631\u0628\u0631\u062f \u0627\u0633\u067e\u0631\u06cc \u0644\u06a9\u0647\u200c\u0628\u0631 \u0627\u0644\u0628\u0633\u0647 \u0648 \u0641\u0631\u0634 \u0627\u0633\u062a\u0648\u0646\u06cc\u0634:<\/h4>\n<ul data-start=\"1501\" data-end=\"1656\">\n<li data-start=\"1501\" data-end=\"1531\">\n<p data-start=\"1503\" data-end=\"1531\">\u0644\u06a9\u0647\u200c\u0628\u0631 \u0644\u0628\u0627\u0633 \u0648 \u067e\u0648\u0634\u0627\u06a9 \u0631\u0648\u0632\u0645\u0631\u0647<\/p>\n<\/li>\n<li data-start=\"1532\" data-end=\"1561\">\n<p data-start=\"1534\" data-end=\"1561\">\u0644\u06a9\u0647\u200c\u0628\u0631 \u0641\u0631\u0634\u060c \u0645\u0648\u06a9\u062a \u0648 \u0642\u0627\u0644\u06cc\u0686\u0647<\/p>\n<\/li>\n<li data-start=\"1562\" data-end=\"1597\">\n<p data-start=\"1564\" data-end=\"1597\">\u067e\u0627\u06a9\u200c\u06a9\u0646\u0646\u062f\u0647 \u0644\u06a9\u0647 \u0645\u0628\u0644\u0645\u0627\u0646 \u0648 \u062a\u0634\u06a9 \u062e\u0648\u0627\u0628<\/p>\n<\/li>\n<li data-start=\"1598\" data-end=\"1656\">\n<p data-start=\"1600\" data-end=\"1656\">\u0645\u0646\u0627\u0633\u0628 \u0628\u0631\u0627\u06cc \u0635\u0646\u062f\u0644\u06cc \u0627\u062a\u0648\u0645\u0628\u06cc\u0644 \u0648 \u0633\u0637\u0648\u062d \u067e\u0627\u0631\u0686\u0647\u200c\u0627\u06cc \u063a\u06cc\u0631\u0642\u0627\u0628\u0644 \u0634\u0633\u062a\u0634\u0648<\/p>\n<\/li>\n<\/ul>\n<p data-start=\"1658\" data-end=\"1864\"><strong data-start=\"1658\" data-end=\"1694\">\u0627\u0633\u067e\u0631\u06cc \u0644\u06a9\u0647\u200c\u0628\u0631 \u0627\u0644\u0628\u0633\u0647 \u0648 \u0641\u0631\u0634 \u0627\u0633\u062a\u0648\u0646\u06cc\u0634<\/strong> \u062a\u0631\u06a9\u06cc\u0628\u06cc \u0627\u0632 <strong data-start=\"1705\" data-end=\"1753\">\u0642\u062f\u0631\u062a \u0644\u06a9\u0647\u200c\u0628\u0631\u06cc\u060c \u0627\u06cc\u0645\u0646\u06cc \u0628\u0631\u0627\u06cc \u0627\u0644\u06cc\u0627\u0641 \u0648 \u0639\u0645\u0644\u06a9\u0631\u062f \u0633\u0631\u06cc\u0639<\/strong> \u0627\u0633\u062a\u061b \u0627\u0646\u062a\u062e\u0627\u0628\u06cc \u062d\u0631\u0641\u0647\u200c\u0627\u06cc \u0628\u0631\u0627\u06cc \u06a9\u0633\u0627\u0646\u06cc \u06a9\u0647 \u0628\u0647 \u062f\u0646\u0628\u0627\u0644 \u06cc\u06a9 <strong data-start=\"1801\" data-end=\"1857\">\u0644\u06a9\u0647\u200c\u0628\u0631 \u0645\u0624\u062b\u0631 \u0648 \u0645\u0637\u0645\u0626\u0646 \u0628\u0631\u0627\u06cc \u0627\u0646\u0648\u0627\u0639 \u067e\u0627\u0631\u0686\u0647 \u0648 \u0645\u0646\u0633\u0648\u062c\u0627\u062a \u062e\u0627\u0646\u06af\u06cc<\/strong> \u0647\u0633\u062a\u0646\u062f.<\/p>","protected":false},"featured_media":4961,"comment_status":"open","ping_status":"closed","template":"","meta":{"_acf_changed":false,"_uag_custom_page_level_css":""},"product_brand":[],"product_cat":[29],"product_tag":[],"class_list":{"0":"post-1632","1":"product","2":"type-product","3":"status-publish","4":"has-post-thumbnail","6":"product_cat-spray","8":"first","9":"instock","10":"shipping-taxable","11":"product-type-simple"},"acf":[],"uagb_featured_image_src":{"full":["https:\/\/astonish.market\/wp-content\/uploads\/2025\/06\/upholstery-sofa-digi-kala-copy.webp",1200,1200,false],"thumbnail":["https:\/\/astonish.market\/wp-content\/uploads\/2025\/06\/upholstery-sofa-digi-kala-copy-150x150.webp",150,150,true],"medium":["https:\/\/astonish.market\/wp-content\/uploads\/2025\/06\/upholstery-sofa-digi-kala-copy-300x300.webp",300,300,true],"medium_large":["https:\/\/astonish.market\/wp-content\/uploads\/2025\/06\/upholstery-sofa-digi-kala-copy-768x768.webp",768,768,true],"large":["https:\/\/astonish.market\/wp-content\/uploads\/2025\/06\/upholstery-sofa-digi-kala-copy-1024x1024.webp",800,800,true],"1536x1536":["https:\/\/astonish.market\/wp-content\/uploads\/2025\/06\/upholstery-sofa-digi-kala-copy.webp",1200,1200,false],"2048x2048":["https:\/\/astonish.market\/wp-content\/uploads\/2025\/06\/upholstery-sofa-digi-kala-copy.webp",1200,1200,false],"trp-custom-language-flag":["https:\/\/astonish.market\/wp-content\/uploads\/2025\/06\/upholstery-sofa-digi-kala-copy.webp",12,12,false],"woocommerce_thumbnail":["https:\/\/astonish.market\/wp-content\/uploads\/2025\/06\/upholstery-sofa-digi-kala-copy-300x300.webp",300,300,true],"woocommerce_single":["https:\/\/astonish.market\/wp-content\/uploads\/2025\/06\/upholstery-sofa-digi-kala-copy-600x600.webp",600,600,true],"woocommerce_gallery_thumbnail":["https:\/\/astonish.market\/wp-content\/uploads\/2025\/06\/upholstery-sofa-digi-kala-copy-100x100.webp",100,100,true],"fg-normal":["https:\/\/astonish.market\/wp-content\/uploads\/2025\/06\/upholstery-sofa-digi-kala-copy-800x800.webp",800,800,true]},"uagb_author_info":{"display_name":"AmirYousefi","author_link":"https:\/\/astonish.market\/az\/author\/"},"uagb_comment_info":0,"uagb_excerpt":"\u0627\u0633\u067e\u0631\u06cc \u0644\u06a9\u0647\u200c\u0628\u0631 \u0627\u0644\u0628\u0633\u0647 \u0648 \u0641\u0631\u0634 \u0627\u0633\u062a\u0648\u0646\u06cc\u0634 | Astonish Fabric Stain Spray \u0644\u06a9\u0647\u200c\u0628\u0631 \u0642\u062f\u0631\u062a\u0645\u0646\u062f \u067e\u0627\u0631\u0686\u0647\u060c \u0641\u0631\u0634 \u0648 \u0645\u0628\u0644\u0645\u0627\u0646 \u0628\u0627 \u0646\u0641\u0648\u0630 \u0639\u0645\u06cc\u0642 \u062f\u0631 \u0627\u0644\u06cc\u0627\u0641 \u0627\u0633\u067e\u0631\u06cc \u0644\u06a9\u0647\u200c\u0628\u0631 \u0627\u0644\u0628\u0633\u0647 \u0648 \u0641\u0631\u0634 \u0627\u0633\u062a\u0648\u0646\u06cc\u0634 \u00a0\u06cc\u06a9 \u0644\u06a9\u0647\u200c\u0628\u0631 \u062d\u0631\u0641\u0647\u200c\u0627\u06cc \u067e\u0627\u0631\u0686\u0647 \u0648 \u0645\u0646\u0633\u0648\u062c\u0627\u062a \u0627\u0633\u062a \u06a9\u0647 \u0628\u0627 \u0641\u0631\u0645\u0648\u0644\u0627\u0633\u06cc\u0648\u0646 \u067e\u06cc\u0634\u0631\u0641\u062a\u0647\u060c \u0628\u0631\u0627\u06cc \u062d\u0630\u0641 \u0633\u0631\u06cc\u0639 \u0648 \u0645\u0624\u062b\u0631 \u0627\u0646\u0648\u0627\u0639 \u0644\u06a9\u0647\u200c\u0647\u0627\u06cc \u0633\u0631\u0633\u062e\u062a \u0627\u0632 \u0627\u0644\u06cc\u0627\u0641 \u067e\u0627\u0631\u0686\u0647 \u0637\u0631\u0627\u062d\u06cc \u0634\u062f\u0647 \u0627\u0633\u062a. \u0627\u06cc\u0646 \u0645\u062d\u0635\u0648\u0644&hellip;","_links":{"self":[{"href":"https:\/\/astonish.market\/az\/wp-json\/wp\/v2\/product\/1632","targetHints":{"allow":["GET"]}}],"collection":[{"href":"https:\/\/astonish.market\/az\/wp-json\/wp\/v2\/product"}],"about":[{"href":"https:\/\/astonish.market\/az\/wp-json\/wp\/v2\/types\/product"}],"replies":[{"embeddable":true,"href":"https:\/\/astonish.market\/az\/wp-json\/wp\/v2\/comments?post=1632"}],"version-history":[{"count":0,"href":"https:\/\/astonish.market\/az\/wp-json\/wp\/v2\/product\/1632\/revisions"}],"wp:featuredmedia":[{"embeddable":true,"href":"https:\/\/astonish.market\/az\/wp-json\/wp\/v2\/media\/4961"}],"wp:attachment":[{"href":"https:\/\/astonish.market\/az\/wp-json\/wp\/v2\/media?parent=1632"}],"wp:term":[{"taxonomy":"product_brand","embeddable":true,"href":"https:\/\/astonish.market\/az\/wp-json\/wp\/v2\/product_brand?post=1632"},{"taxonomy":"product_cat","embeddable":true,"href":"https:\/\/astonish.market\/az\/wp-json\/wp\/v2\/product_cat?post=1632"},{"taxonomy":"product_tag","embeddable":true,"href":"https:\/\/astonish.market\/az\/wp-json\/wp\/v2\/product_tag?post=1632"}],"curies":[{"name":"wp","href":"https:\/\/api.w.org\/{rel}","templated":true}]}}